{"id":6970,"date":"2023-09-06T19:48:46","date_gmt":"2023-09-06T17:48:46","guid":{"rendered":"https:\/\/www.tecnovivienda.es\/?page_id=6970"},"modified":"2025-06-03T16:29:58","modified_gmt":"2025-06-03T15:29:58","slug":"servicios","status":"publish","type":"page","link":"https:\/\/www.tecnovivienda.es\/en\/servicios\/","title":{"rendered":"SERVICES"},"content":{"rendered":"<p>[et_pb_section fb_built=&#8221;1&#8243; admin_label=&#8221;About&#8221; _builder_version=&#8221;4.27.4&#8243; _module_preset=&#8221;default&#8221; background_enable_color=&#8221;off&#8221; background_image=&#8221;https:\/\/www.tecnovivienda.es\/wp-content\/uploads\/2023\/08\/LOFT-scaled.jpg&#8221; background_size=&#8221;custom&#8221; background_image_width=&#8221;100%&#8221; background_image_height=&#8221;0%&#8221; background_enable_video_mp4=&#8221;off&#8221; min_height=&#8221;1451.6px&#8221; custom_margin=&#8221;-475px|0px|34px|0px|false|true&#8221; mix_blend_mode=&#8221;darken&#8221; locked=&#8221;off&#8221; collapsed=&#8221;on&#8221; global_colors_info=&#8221;{}&#8221;][et_pb_row _builder_version=&#8221;4.22.1&#8243; _module_preset=&#8221;default&#8221; global_colors_info=&#8221;{}&#8221;][et_pb_column type=&#8221;4_4&#8243; _builder_version=&#8221;4.22.1&#8243; _module_preset=&#8221;default&#8221; global_colors_info=&#8221;{}&#8221;][et_pb_text _builder_version=&#8221;4.27.4&#8243; _module_preset=&#8221;b327cbe4-b1d5-4b66-ad37-40c8f2f061ba&#8221; text_font=&#8221;Marcellus||||||||&#8221; header_font=&#8221;Marcellus|700|||||||&#8221; header_text_align=&#8221;center&#8221; header_text_color=&#8221;#FFFFFF&#8221; header_font_size=&#8221;46px&#8221; header_line_height=&#8221;1.5em&#8221; header_2_font=&#8221;Marcellus|700|||||||&#8221; header_2_text_align=&#8221;center&#8221; header_2_text_color=&#8221;#FFFFFF&#8221; header_2_font_size=&#8221;25px&#8221; header_2_line_height=&#8221;1.35em&#8221; custom_margin=&#8221;360px||||false|false&#8221; filter_sepia=&#8221;37%&#8221; hover_enabled=&#8221;0&#8243; header_2_font_size_tablet=&#8221;32px&#8221; header_2_font_size_phone=&#8221;20px&#8221; header_2_font_size_last_edited=&#8221;on|desktop&#8221; border_radii=&#8221;on|50px|50px|50px|50px&#8221; global_colors_info=&#8221;{}&#8221; sticky_enabled=&#8221;0&#8243;]<\/p>\n<h1>Personalised real estate services exclusively for you<\/h1>\n<h2>Discover the solutions we have at your disposal<\/h2>\n<p>[\/et_pb_text][et_pb_button button_url=&#8221;#asesoramiento&#8221; button_text=&#8221;DESCUBRELOS&#8221; button_alignment=&#8221;center&#8221; _builder_version=&#8221;4.22.1&#8243; _module_preset=&#8221;default&#8221; custom_button=&#8221;on&#8221; button_bg_color=&#8221;#e07f1f&#8221; button_border_width=&#8221;3px&#8221; button_border_radius=&#8221;49px&#8221; button_icon=&#8221;&#xe04a;||divi||400&#8243; background_layout=&#8221;dark&#8221; custom_margin=&#8221;50px||||false|false&#8221; global_colors_info=&#8221;{}&#8221;][\/et_pb_button][\/et_pb_column][\/et_pb_row][\/et_pb_section][et_pb_section fb_built=&#8221;1&#8243; module_id=&#8221;asesoramiento&#8221; _builder_version=&#8221;4.22.1&#8243; _module_preset=&#8221;default&#8221; custom_margin=&#8221;-397px||-27px||false|false&#8221; custom_padding=&#8221;30px||||false|false&#8221; collapsed=&#8221;off&#8221; global_colors_info=&#8221;{}&#8221;][et_pb_row column_structure=&#8221;1_2,1_2&#8243; _builder_version=&#8221;4.22.1&#8243; _module_preset=&#8221;default&#8221; custom_margin=&#8221;||||false|false&#8221; global_colors_info=&#8221;{}&#8221;][et_pb_column type=&#8221;1_2&#8243; _builder_version=&#8221;4.22.1&#8243; _module_preset=&#8221;default&#8221; global_colors_info=&#8221;{}&#8221;][et_pb_text _builder_version=&#8221;4.23.1&#8243; _module_preset=&#8221;default&#8221; text_font=&#8221;Marcellus||||||||&#8221; text_text_color=&#8221;#000000&#8243; text_font_size=&#8221;20px&#8221; text_line_height=&#8221;1.8em&#8221; header_font=&#8221;|700|||||||&#8221; header_font_size=&#8221;34px&#8221; header_2_font=&#8221;Marcellus|700|||||||&#8221; header_2_text_align=&#8221;center&#8221; header_2_font_size=&#8221;45px&#8221; header_2_line_height=&#8221;1.2em&#8221; custom_margin=&#8221;|-39px|29px||false|false&#8221; custom_padding=&#8221;0px|||0px|false|false&#8221; global_colors_info=&#8221;{}&#8221;]<\/p>\n<h2><strong>Real Estate Advice<\/strong><strong><\/strong><\/h2>\n<p><strong><\/strong><\/p>\n<p><strong><\/strong><\/p>\n<p>We put all our knowledge and experience at your service.<br \/>Likewise, we make a free valuation of your property without any obligation.<br \/>Our legal experts will show you enough transparency and guarantees to make the best decision.<br \/>We know that the process of selling a property is usually complex and slow, therefore we take care to expedite, facilitate and resolve any questions that may arise. We will be with you advising you before, during and after the sale process, ensuring your total satisfaction at the closing of the transaction.<\/p>\n<p>[\/et_pb_text][\/et_pb_column][et_pb_column type=&#8221;1_2&#8243; _builder_version=&#8221;4.22.1&#8243; _module_preset=&#8221;default&#8221; custom_padding=&#8221;||||false|true&#8221; global_colors_info=&#8221;{}&#8221;][et_pb_image src=&#8221;https:\/\/www.tecnovivienda.es\/wp-content\/uploads\/ASESORAMIENTO-II.jpg&#8221; alt=&#8221;Personas negociando en un despacho&#8221; title_text=&#8221;ASESORAMIENTO II&#8221; show_bottom_space=&#8221;off&#8221; align=&#8221;right&#8221; _builder_version=&#8221;4.22.1&#8243; _module_preset=&#8221;default&#8221; transform_rotate=&#8221;350deg|0deg|0deg&#8221; custom_margin=&#8221;149px|0px|149px|0px|true|false&#8221; custom_padding=&#8221;50px|0px|0px|0px|false|false&#8221; global_colors_info=&#8221;{}&#8221;][\/et_pb_image][\/et_pb_column][\/et_pb_row][\/et_pb_section][et_pb_section fb_built=&#8221;1&#8243; _builder_version=&#8221;4.22.1&#8243; _module_preset=&#8221;default&#8221; background_image=&#8221;https:\/\/www.tecnovivienda.es\/wp-content\/uploads\/EFICIENCIA-ENERGETICA.jpg&#8221; custom_margin=&#8221;15px||21px||false|false&#8221; custom_padding=&#8221;230px||230px||true|false&#8221; link_option_url=&#8221;#eficiencia&#8221; collapsed=&#8221;on&#8221; global_colors_info=&#8221;{}&#8221;][et_pb_row module_id=&#8221;eficiencia&#8221; _builder_version=&#8221;4.22.1&#8243; _module_preset=&#8221;default&#8221; custom_margin=&#8221;-235px||||false|false&#8221; custom_padding=&#8221;21px||125px||false|false&#8221; locked=&#8221;off&#8221; global_colors_info=&#8221;{}&#8221;][et_pb_column type=&#8221;4_4&#8243; _builder_version=&#8221;4.22.1&#8243; _module_preset=&#8221;default&#8221; global_colors_info=&#8221;{}&#8221;][et_pb_text _builder_version=&#8221;4.22.1&#8243; _module_preset=&#8221;default&#8221; text_font=&#8221;Marcellus|700|||||||&#8221; text_font_size=&#8221;60px&#8221; header_font=&#8221;Marcellus|700|||||||&#8221; header_text_align=&#8221;justify&#8221; header_2_font=&#8221;|700|||||||&#8221; header_2_text_align=&#8221;center&#8221; header_2_text_color=&#8221;#000000&#8243; header_2_font_size=&#8221;50px&#8221; text_orientation=&#8221;center&#8221; custom_margin=&#8221;100px||-100px||false|false&#8221; custom_padding=&#8221;||0px||false|false&#8221; global_colors_info=&#8221;{}&#8221;]<\/p>\n<h2>Energy efficiency certificate.<\/h2>\n<p>[\/et_pb_text][\/et_pb_column][\/et_pb_row][et_pb_row _builder_version=&#8221;4.22.1&#8243; _module_preset=&#8221;default&#8221; locked=&#8221;off&#8221; global_colors_info=&#8221;{}&#8221;][et_pb_column type=&#8221;4_4&#8243; _builder_version=&#8221;4.22.1&#8243; _module_preset=&#8221;default&#8221; global_colors_info=&#8221;{}&#8221;][et_pb_text _builder_version=&#8221;4.22.1&#8243; _module_preset=&#8221;default&#8221; text_font=&#8221;Marcellus|700|||||||&#8221; text_text_color=&#8221;#000000&#8243; text_font_size=&#8221;25px&#8221; text_line_height=&#8221;1.8em&#8221; global_colors_info=&#8221;{}&#8221;]Facilitamos la gesti\u00f3n y los tr\u00e1mites necesarios para obtener el certificado de eficiencia energ\u00e9tica.[\/et_pb_text][\/et_pb_column][\/et_pb_row][et_pb_row _builder_version=&#8221;4.22.1&#8243; _module_preset=&#8221;default&#8221; global_colors_info=&#8221;{}&#8221;][et_pb_column type=&#8221;4_4&#8243; _builder_version=&#8221;4.22.1&#8243; _module_preset=&#8221;default&#8221; global_colors_info=&#8221;{}&#8221;][et_pb_button button_url=&#8221;https:\/\/www.tecnovivienda.es\/formulario-de-certificado-energetico\/&#8221; button_text=&#8221;Solic\u00edtalo&#8221; button_alignment=&#8221;center&#8221; _builder_version=&#8221;4.23&#8243; _module_preset=&#8221;default&#8221; custom_button=&#8221;on&#8221; button_text_size=&#8221;25px&#8221; button_text_color=&#8221;#000000&#8243; button_bg_color=&#8221;rgba(145,138,120,0.58)&#8221; button_bg_enable_image=&#8221;off&#8221; button_border_width=&#8221;3px&#8221; button_border_color=&#8221;#000000&#8243; button_border_radius=&#8221;40px&#8221; button_font=&#8221;Marcellus||||||||&#8221; button_icon=&#8221;&#xe04a;||divi||400&#8243; custom_margin=&#8221;|||100px|false|false&#8221; global_colors_info=&#8221;{}&#8221;][\/et_pb_button][\/et_pb_column][\/et_pb_row][\/et_pb_section][et_pb_section fb_built=&#8221;1&#8243; module_id=&#8221;recursos&#8221; _builder_version=&#8221;4.22.1&#8243; _module_preset=&#8221;default&#8221; background_image=&#8221;https:\/\/www.tecnovivienda.es\/wp-content\/uploads\/NECESIDADES.jpg&#8221; parallax=&#8221;on&#8221; parallax_method=&#8221;off&#8221; min_height=&#8221;566px&#8221; custom_margin=&#8221;-50px||-3px||false|false&#8221; custom_padding=&#8221;75px||108px||false|false&#8221; collapsed=&#8221;on&#8221; global_colors_info=&#8221;{}&#8221;][et_pb_row _builder_version=&#8221;4.22.1&#8243; _module_preset=&#8221;default&#8221; global_colors_info=&#8221;{}&#8221;][et_pb_column type=&#8221;4_4&#8243; _builder_version=&#8221;4.22.1&#8243; _module_preset=&#8221;default&#8221; global_colors_info=&#8221;{}&#8221;][et_pb_text _builder_version=&#8221;4.22.1&#8243; _module_preset=&#8221;default&#8221; header_font=&#8221;Marcellus|700|||||||&#8221; header_text_align=&#8221;center&#8221; header_font_size=&#8221;50px&#8221; global_colors_info=&#8221;{}&#8221;]<\/p>\n<h1>We have all the resources to meet all your needs<\/h1>\n<p>[\/et_pb_text][\/et_pb_column][\/et_pb_row][et_pb_row _builder_version=&#8221;4.22.1&#8243; _module_preset=&#8221;default&#8221; global_colors_info=&#8221;{}&#8221;][et_pb_column type=&#8221;4_4&#8243; _builder_version=&#8221;4.22.1&#8243; _module_preset=&#8221;default&#8221; global_colors_info=&#8221;{}&#8221;][et_pb_text _builder_version=&#8221;4.23&#8243; _module_preset=&#8221;default&#8221; text_font=&#8221;Marcellus|700|||||||&#8221; text_text_color=&#8221;#000000&#8243; text_font_size=&#8221;25px&#8221; text_line_height=&#8221;1.8em&#8221; global_colors_info=&#8221;{}&#8221;]<\/p>\n<p>We are in contact with the best insurance companies, home automation, alarms, cleaning, removals, emptying of houses and more services you may need. Ask our department.<\/p>\n<p>[\/et_pb_text][\/et_pb_column][\/et_pb_row][et_pb_row _builder_version=&#8221;4.22.1&#8243; _module_preset=&#8221;default&#8221; global_colors_info=&#8221;{}&#8221;][et_pb_column type=&#8221;4_4&#8243; _builder_version=&#8221;4.22.1&#8243; _module_preset=&#8221;default&#8221; global_colors_info=&#8221;{}&#8221;][et_pb_button button_url=&#8221;https:\/\/www.tecnovivienda.es\/formulario-de-recursos\/&#8221; button_text=&#8221;Preguntanos&#8221; button_alignment=&#8221;center&#8221; _builder_version=&#8221;4.23&#8243; _module_preset=&#8221;default&#8221; custom_button=&#8221;on&#8221; button_text_size=&#8221;25px&#8221; button_text_color=&#8221;#000000&#8243; button_bg_color=&#8221;rgba(145,138,120,0.58)&#8221; button_bg_enable_image=&#8221;off&#8221; button_border_width=&#8221;3px&#8221; button_border_color=&#8221;#000000&#8243; button_border_radius=&#8221;40px&#8221; button_font=&#8221;Marcellus||||||||&#8221; button_icon=&#8221;&#xe04a;||divi||400&#8243; custom_margin=&#8221;|||100px|false|false&#8221; custom_css_free_form=&#8221;%91divi_shortcode id=%22230414%22%93&#8243; locked=&#8221;off&#8221; global_colors_info=&#8221;{}&#8221;][\/et_pb_button][\/et_pb_column][\/et_pb_row][\/et_pb_section][et_pb_section fb_built=&#8221;1&#8243; _builder_version=&#8221;4.22.1&#8243; _module_preset=&#8221;default&#8221; background_image=&#8221;https:\/\/www.tecnovivienda.es\/wp-content\/uploads\/CASA-ROSA.jpg&#8221; min_height=&#8221;724.8px&#8221; custom_margin=&#8221;||||false|false&#8221; custom_padding=&#8221;243px||243px||true|false&#8221; collapsed=&#8221;on&#8221; global_colors_info=&#8221;{}&#8221;][et_pb_row _builder_version=&#8221;4.22.1&#8243; _module_preset=&#8221;default&#8221; custom_margin=&#8221;-233px|auto||auto|false|false&#8221; custom_padding=&#8221;29px||125px||false|false&#8221; locked=&#8221;off&#8221; global_colors_info=&#8221;{}&#8221;][et_pb_column type=&#8221;4_4&#8243; _builder_version=&#8221;4.22.1&#8243; _module_preset=&#8221;default&#8221; global_colors_info=&#8221;{}&#8221;][et_pb_text _builder_version=&#8221;4.22.1&#8243; _module_preset=&#8221;default&#8221; text_font=&#8221;Marcellus|700|||||||&#8221; text_font_size=&#8221;60px&#8221; header_font=&#8221;Marcellus|700|||||||&#8221; header_text_align=&#8221;justify&#8221; header_text_color=&#8221;#697068&#8243; header_font_size=&#8221;49px&#8221; header_2_font=&#8221;|700|||||||&#8221; header_2_text_align=&#8221;center&#8221; header_2_text_color=&#8221;#FFFFFF&#8221; header_2_font_size=&#8221;60px&#8221; text_orientation=&#8221;center&#8221; custom_margin=&#8221;100px||-100px||false|false&#8221; custom_padding=&#8221;||0px||false|false&#8221; global_colors_info=&#8221;{}&#8221;]<\/p>\n<h2>REFORMS<\/h2>\n<p>[\/et_pb_text][\/et_pb_column][\/et_pb_row][et_pb_row _builder_version=&#8221;4.22.1&#8243; _module_preset=&#8221;default&#8221; locked=&#8221;off&#8221; global_colors_info=&#8221;{}&#8221;][et_pb_column type=&#8221;4_4&#8243; _builder_version=&#8221;4.22.1&#8243; _module_preset=&#8221;default&#8221; global_colors_info=&#8221;{}&#8221;][et_pb_text _builder_version=&#8221;4.22.1&#8243; _module_preset=&#8221;default&#8221; text_font=&#8221;Marcellus|700|||||||&#8221; text_text_color=&#8221;#FFFFFF&#8221; text_font_size=&#8221;30px&#8221; text_line_height=&#8221;1.8em&#8221; text_orientation=&#8221;center&#8221; custom_margin=&#8221;||||false|false&#8221; custom_padding=&#8221;||||false|false&#8221; global_colors_info=&#8221;{}&#8221;]Transformaci\u00f3n de espacios y dise\u00f1o de interiores[\/et_pb_text][\/et_pb_column][\/et_pb_row][et_pb_row _builder_version=&#8221;4.22.1&#8243; _module_preset=&#8221;default&#8221; global_colors_info=&#8221;{}&#8221;][et_pb_column type=&#8221;4_4&#8243; _builder_version=&#8221;4.22.1&#8243; _module_preset=&#8221;default&#8221; global_colors_info=&#8221;{}&#8221;][et_pb_button button_url=&#8221;https:\/\/www.tecnovivienda.es\/reforma\/&#8221; button_text=&#8221;Entrar&#8221; button_alignment=&#8221;center&#8221; _builder_version=&#8221;4.23&#8243; _module_preset=&#8221;default&#8221; custom_button=&#8221;on&#8221; button_text_size=&#8221;25px&#8221; button_text_color=&#8221;#30b0d1&#8243; button_bg_color=&#8221;#FFFFFF&#8221; button_bg_enable_image=&#8221;off&#8221; button_border_width=&#8221;3px&#8221; button_border_color=&#8221;#30b0d1&#8243; button_border_radius=&#8221;40px&#8221; button_font=&#8221;Marcellus||||||||&#8221; button_icon=&#8221;&#xe04a;||divi||400&#8243; custom_margin=&#8221;|||100px|false|false&#8221; global_colors_info=&#8221;{}&#8221;][\/et_pb_button][\/et_pb_column][\/et_pb_row][\/et_pb_section]<\/p>","protected":false},"excerpt":{"rendered":"<p>Ponemos toda nuestra sabidur\u00eda y experiencia a tu servicio. Te facilitamos todo tipo de servicios que puedas necesitar en el transcurso de la operaci\u00f3n.<\/p>","protected":false},"author":1,"featured_media":6976,"parent":0,"menu_order":0,"comment_status":"closed","ping_status":"closed","template":"","meta":{"_acf_changed":false,"_et_pb_use_builder":"on","_et_pb_old_content":"","_et_gb_content_width":"","om_disable_all_campaigns":false,"_monsterinsights_skip_tracking":false,"_monsterinsights_sitenote_active":false,"_monsterinsights_sitenote_note":"","_monsterinsights_sitenote_category":0,"footnotes":""},"class_list":["post-6970","page","type-page","status-publish","has-post-thumbnail","hentry"],"acf":[],"aioseo_notices":[],"_links":{"self":[{"href":"https:\/\/www.tecnovivienda.es\/en\/wp-json\/wp\/v2\/pages\/6970","targetHints":{"allow":["GET"]}}],"collection":[{"href":"https:\/\/www.tecnovivienda.es\/en\/wp-json\/wp\/v2\/pages"}],"about":[{"href":"https:\/\/www.tecnovivienda.es\/en\/wp-json\/wp\/v2\/types\/page"}],"author":[{"embeddable":true,"href":"https:\/\/www.tecnovivienda.es\/en\/wp-json\/wp\/v2\/users\/1"}],"replies":[{"embeddable":true,"href":"https:\/\/www.tecnovivienda.es\/en\/wp-json\/wp\/v2\/comments?post=6970"}],"version-history":[{"count":0,"href":"https:\/\/www.tecnovivienda.es\/en\/wp-json\/wp\/v2\/pages\/6970\/revisions"}],"wp:featuredmedia":[{"embeddable":true,"href":"https:\/\/www.tecnovivienda.es\/en\/wp-json\/wp\/v2\/media\/6976"}],"wp:attachment":[{"href":"https:\/\/www.tecnovivienda.es\/en\/wp-json\/wp\/v2\/media?parent=6970"}],"curies":[{"name":"wp","href":"https:\/\/api.w.org\/{rel}","templated":true}]}}