{"id":6199,"date":"2023-09-04T13:29:02","date_gmt":"2023-09-04T11:29:02","guid":{"rendered":"https:\/\/www.tecnovivienda.es\/?page_id=6199"},"modified":"2025-06-03T18:32:16","modified_gmt":"2025-06-03T16:32:16","slug":"inicio","status":"publish","type":"page","link":"https:\/\/www.tecnovivienda.es\/en\/","title":{"rendered":"HOME"},"content":{"rendered":"<p>[et_pb_section fb_built=&#8221;1&#8243; inner_shadow=&#8221;on&#8221; admin_label=&#8221;About&#8221; _builder_version=&#8221;4.22.1&#8243; _module_preset=&#8221;default&#8221; background_enable_color=&#8221;off&#8221; background_image=&#8221;https:\/\/www.tecnovivienda.es\/wp-content\/uploads\/CHALET-MODERNO.jpg&#8221; parallax=&#8221;on&#8221; parallax_method=&#8221;off&#8221; background_enable_video_mp4=&#8221;off&#8221; min_height=&#8221;1451.6px&#8221; custom_margin=&#8221;-400px||-350px|-25px|false|false&#8221; custom_padding=&#8221;400px||297px||false|false&#8221; mix_blend_mode=&#8221;darken&#8221; locked=&#8221;off&#8221; collapsed=&#8221;off&#8221; global_colors_info=&#8221;{}&#8221;][et_pb_row make_equal=&#8221;on&#8221; _builder_version=&#8221;4.22.1&#8243; _module_preset=&#8221;default&#8221; custom_margin=&#8221;-16px||||false|false&#8221; custom_padding=&#8221;3px|||0px||&#8221; global_colors_info=&#8221;{}&#8221;][et_pb_column type=&#8221;4_4&#8243; _builder_version=&#8221;4.18.0&#8243; _module_preset=&#8221;default&#8221; z_index=&#8221;10&#8243; custom_padding=&#8221;8%|10%|8%||true|false&#8221; global_colors_info=&#8221;{}&#8221;][et_pb_text _builder_version=&#8221;4.23.1&#8243; _module_preset=&#8221;b327cbe4-b1d5-4b66-ad37-40c8f2f061ba&#8221; text_font=&#8221;Marcellus||||||||&#8221; header_font=&#8221;Marcellus|700|||||||&#8221; header_text_align=&#8221;left&#8221; header_text_color=&#8221;#FFFFFF&#8221; header_font_size=&#8221;55px&#8221; header_2_font=&#8221;Marcellus|700|||||||&#8221; header_2_text_align=&#8221;center&#8221; header_2_text_color=&#8221;#FFFFFF&#8221; header_2_font_size=&#8221;50px&#8221; header_2_line_height=&#8221;1.35em&#8221; background_color=&#8221;rgba(139,168,193,0.24)&#8221; custom_margin=&#8221;50px|-50px|||false|false&#8221; custom_padding=&#8221;|0px||25px|false|false&#8221; filter_sepia=&#8221;37%&#8221; header_text_align_tablet=&#8221;left&#8221; header_text_align_phone=&#8221;left&#8221; header_text_align_last_edited=&#8221;on|phone&#8221; header_2_font_size_tablet=&#8221;32px&#8221; header_2_font_size_phone=&#8221;20px&#8221; header_2_font_size_last_edited=&#8221;on|desktop&#8221; border_radii=&#8221;on|30px|30px|30px|30px&#8221; global_colors_info=&#8221;{}&#8221;]<\/p>\n<h1>The road to your home starts here<\/h1>\n<p>[\/et_pb_text][\/et_pb_column][\/et_pb_row][et_pb_row column_structure=&#8221;1_3,1_3,1_3&#8243; make_equal=&#8221;on&#8221; _builder_version=&#8221;4.22.1&#8243; _module_preset=&#8221;default&#8221; vertical_offset=&#8221;50px&#8221; horizontal_offset=&#8221;-154px&#8221; width=&#8221;100%&#8221; module_alignment=&#8221;left&#8221; custom_margin=&#8221;-50px|1448px|-50px|1448px|true|true&#8221; custom_padding=&#8221;0px|0px|0px|0px|true|true&#8221; global_colors_info=&#8221;{}&#8221;][et_pb_column type=&#8221;1_3&#8243; _builder_version=&#8221;4.22.1&#8243; _module_preset=&#8221;default&#8221; custom_padding=&#8221;||||false|false&#8221; global_colors_info=&#8221;{}&#8221;][et_pb_button button_url=&#8221;https:\/\/www.tecnovivienda.es\/?page_id=46&#8243; button_text=&#8221;COMPRAR&#8221; module_id=&#8221;Registra&#8221; _builder_version=&#8221;4.22.1&#8243; _module_preset=&#8221;3117bc07-6a8a-4679-b3bb-b6ed74b48a2f&#8221; custom_button=&#8221;on&#8221; button_text_size=&#8221;20px&#8221; button_text_color=&#8221;#FFFFFF&#8221; button_bg_color=&#8221;rgba(43,25,6,0.25)&#8221; button_border_width=&#8221;0px&#8221; button_font=&#8221;Marcellus|700||on|||||&#8221; button_icon=&#8221;&#xe04a;||divi||400&#8243; positioning=&#8221;fixed&#8221; vertical_offset=&#8221;380px&#8221; horizontal_offset=&#8221;-180px&#8221; custom_margin=&#8221;|||410px|false|false&#8221; custom_padding=&#8221;|75px||75px|true|true&#8221; animation_style=&#8221;slide&#8221; global_colors_info=&#8221;{}&#8221;][\/et_pb_button][\/et_pb_column][et_pb_column type=&#8221;1_3&#8243; _builder_version=&#8221;4.22.1&#8243; _module_preset=&#8221;default&#8221; global_colors_info=&#8221;{}&#8221;][et_pb_button button_url=&#8221;https:\/\/www.tecnovivienda.es\/?page_id=5508&#8243; button_text=&#8221;VENDER&#8221; module_id=&#8221;Registra&#8221; _builder_version=&#8221;4.22.1&#8243; _module_preset=&#8221;3117bc07-6a8a-4679-b3bb-b6ed74b48a2f&#8221; custom_button=&#8221;on&#8221; button_text_size=&#8221;20px&#8221; button_text_color=&#8221;#FFFFFF&#8221; button_bg_color=&#8221;rgba(43,25,6,0.25)&#8221; button_border_width=&#8221;0px&#8221; button_font=&#8221;Marcellus|700||on|||||&#8221; button_icon=&#8221;&#xe04a;||divi||400&#8243; positioning=&#8221;fixed&#8221; vertical_offset=&#8221;380px&#8221; horizontal_offset=&#8221;194px&#8221; custom_margin=&#8221;|||412px|false|false&#8221; custom_padding=&#8221;|75px||75px|false|true&#8221; animation_style=&#8221;slide&#8221; global_colors_info=&#8221;{}&#8221;][\/et_pb_button][\/et_pb_column][et_pb_column type=&#8221;1_3&#8243; _builder_version=&#8221;4.22.1&#8243; _module_preset=&#8221;default&#8221; global_colors_info=&#8221;{}&#8221;][et_pb_button button_url=&#8221;https:\/\/www.tecnovivienda.es\/?page_id=5515&#8243; button_text=&#8221;ALQUILAR&#8221; module_id=&#8221;Registra&#8221; _builder_version=&#8221;4.22.1&#8243; _module_preset=&#8221;3117bc07-6a8a-4679-b3bb-b6ed74b48a2f&#8221; custom_button=&#8221;on&#8221; button_text_size=&#8221;20px&#8221; button_text_color=&#8221;#FFFFFF&#8221; button_bg_color=&#8221;rgba(43,25,6,0.25)&#8221; button_border_width=&#8221;0px&#8221; button_font=&#8221;Marcellus|700||on|||||&#8221; button_icon=&#8221;&#xe04a;||divi||400&#8243; positioning=&#8221;fixed&#8221; vertical_offset=&#8221;380px&#8221; horizontal_offset=&#8221;584px&#8221; custom_margin=&#8221;|||395px|false|false&#8221; custom_padding=&#8221;|60px||60px|true|true&#8221; animation_style=&#8221;slide&#8221; global_colors_info=&#8221;{}&#8221;][\/et_pb_button][\/et_pb_column][\/et_pb_row][\/et_pb_section][et_pb_section fb_built=&#8221;1&#8243; module_id=&#8221;nosotros&#8221; _builder_version=&#8221;4.22.2&#8243; _module_preset=&#8221;default&#8221; custom_margin=&#8221;||||false|false&#8221; custom_padding=&#8221;0px||||false|false&#8221; collapsed=&#8221;on&#8221; global_colors_info=&#8221;{}&#8221;][et_pb_row _builder_version=&#8221;4.22.1&#8243; _module_preset=&#8221;default&#8221; custom_margin=&#8221;40px|auto|24px|auto|false|false&#8221; global_colors_info=&#8221;{}&#8221;][et_pb_column type=&#8221;4_4&#8243; _builder_version=&#8221;4.21.0&#8243; _module_preset=&#8221;default&#8221; global_colors_info=&#8221;{}&#8221;][et_pb_text _builder_version=&#8221;4.23&#8243; _module_preset=&#8221;default&#8221; text_font=&#8221;Marcellus||||||||&#8221; text_text_color=&#8221;#000000&#8243; text_font_size=&#8221;20px&#8221; text_letter_spacing=&#8221;1px&#8221; text_line_height=&#8221;1.8em&#8221; header_text_align=&#8221;center&#8221; header_2_font=&#8221;Marcellus|700|||||||&#8221; header_2_text_align=&#8221;center&#8221; header_2_font_size=&#8221;50px&#8221; header_2_line_height=&#8221;1.2em&#8221; header_3_font=&#8221;Marcellus|700|||||||&#8221; header_3_text_align=&#8221;left&#8221; custom_margin=&#8221;|-25px|||false|false&#8221; hover_enabled=&#8221;0&#8243; global_colors_info=&#8221;{}&#8221; sticky_enabled=&#8221;0&#8243;]<\/p>\n<h2><strong>US<\/strong><strong><\/strong><\/h2>\n<p><strong><\/strong><\/p>\n<p><strong><\/strong><\/p>\n<p>Our history is a trajectory full of commitment and dedication to each client who trusts us to find the home of their dreams. Founded in 2003 in Pacifico, our real estate company has grown to become a reference in the market, thanks to our approach, always focused on excellence in the treatment and personalization of each client.<\/p>\n<p>[\/et_pb_text][\/et_pb_column][\/et_pb_row][\/et_pb_section][et_pb_section fb_built=&#8221;1&#8243; admin_label=&#8221;Services&#8221; _builder_version=&#8221;4.22.1&#8243; _module_preset=&#8221;default&#8221; background_enable_color=&#8221;off&#8221; custom_margin=&#8221;30px||||false|false&#8221; collapsed=&#8221;on&#8221; global_colors_info=&#8221;{%22gcid-2f3f3e09-0a26-4ea7-8906-5e1128945e3f%22:%91%22background_color%22,%22background_color_gradient_stops%22%93,%22gcid-9fa4a1b6-767d-41ca-984c-a6f10449c843%22:%91%22background_color_gradient_stops%22%93}&#8221;][et_pb_row column_structure=&#8221;1_3,1_3,1_3&#8243; use_custom_gutter=&#8221;on&#8221; gutter_width=&#8221;1&#8243; make_equal=&#8221;on&#8221; _builder_version=&#8221;4.22.1&#8243; _module_preset=&#8221;default&#8221; width=&#8221;90%&#8221; custom_margin=&#8221;-10vw||||false|false&#8221; custom_padding=&#8221;||41px||false|false&#8221; global_colors_info=&#8221;{}&#8221;][et_pb_column type=&#8221;1_3&#8243; _builder_version=&#8221;4.20.0&#8243; _module_preset=&#8221;default&#8221; use_background_color_gradient=&#8221;on&#8221; background_color_gradient_stops=&#8221;rgba(73,81,100,0.9) 0%|rgba(73,81,100,0.9) 100%&#8221; background_color_gradient_overlays_image=&#8221;on&#8221; background_image=&#8221;https:\/\/www.tecnovivienda.es\/wp-content\/uploads\/paper-texture.jpg&#8221; custom_padding=&#8221;60px|30px|60px|30px|true|true&#8221; custom_padding_tablet=&#8221;40px||40px||true|false&#8221; custom_padding_phone=&#8221;30px|20px|30px|20px|true|true&#8221; custom_padding_last_edited=&#8221;on|desktop&#8221; global_colors_info=&#8221;{}&#8221;][et_pb_image src=&#8221;https:\/\/www.tecnovivienda.es\/wp-content\/uploads\/attorney-1.png&#8221; title_text=&#8221;attorney-1&#8243; _builder_version=&#8221;4.20.0&#8243; _module_preset=&#8221;default&#8221; max_width=&#8221;130px&#8221; module_alignment=&#8221;center&#8221; global_colors_info=&#8221;{}&#8221;][\/et_pb_image][et_pb_text _builder_version=&#8221;4.23&#8243; _module_preset=&#8221;aeda830c-46f0-4d36-9d8c-895d793fb5c5&#8243; header_3_font=&#8221;|700||on|||||&#8221; header_3_text_align=&#8221;center&#8221; header_3_text_color=&#8221;#FFFFFF&#8221; text_orientation=&#8221;center&#8221; custom_margin=&#8221;20px||||false|false&#8221; global_colors_info=&#8221;{}&#8221;]<\/p>\n<h3>Why choose us?<\/h3>\n<p>[\/et_pb_text][et_pb_text _builder_version=&#8221;4.23&#8243; _module_preset=&#8221;6cb8f6de-3147-42cf-928c-d3320358f977&#8243; text_text_color=&#8221;#FFFFFF&#8221; text_font_size=&#8221;19px&#8221; text_orientation=&#8221;center&#8221; global_colors_info=&#8221;{}&#8221;]<\/p>\n<p>With more than 10 years of experience in the market, we have a team of experienced professionals with extensive knowledge of the sector. Our experience allows us to provide you with the most solid advice and the best options.<\/p>\n<p>We are committed to be by your side at every stage of the operation, providing you with transparent information and constant support.<\/p>\n<p>[\/et_pb_text][et_pb_image src=&#8221;https:\/\/www.tecnovivienda.es\/wp-content\/uploads\/attorney-1.png&#8221; title_text=&#8221;attorney-1&#8243; _builder_version=&#8221;4.22.1&#8243; _module_preset=&#8221;default&#8221; max_width=&#8221;130px&#8221; module_alignment=&#8221;center&#8221; custom_margin=&#8221;20px||||false|false&#8221; custom_padding=&#8221;||||false|false&#8221; global_colors_info=&#8221;{}&#8221;][\/et_pb_image][\/et_pb_column][et_pb_column type=&#8221;1_3&#8243; _builder_version=&#8221;4.22.1&#8243; _module_preset=&#8221;default&#8221; background_enable_image=&#8221;off&#8221; custom_padding=&#8221;60px|30px|60px|30px|true|true&#8221; custom_padding_tablet=&#8221;40px||40px||true|false&#8221; custom_padding_phone=&#8221;30px|20px|30px|20px|true|true&#8221; custom_padding_last_edited=&#8221;on|desktop&#8221; global_colors_info=&#8221;{}&#8221;][et_pb_image src=&#8221;https:\/\/www.tecnovivienda.es\/wp-content\/uploads\/1.jpg&#8221; alt=&#8221;flyer_tecnovivienda&#8221; title_text=&#8221;Flyer tecnovivienda&#8221; align=&#8221;center&#8221; _builder_version=&#8221;4.23&#8243; _module_preset=&#8221;default&#8221; background_color=&#8221;RGBA(255,255,255,0)&#8221; module_alignment=&#8221;center&#8221; custom_margin=&#8221;50px||||false|false&#8221; custom_padding=&#8221;||||false|false&#8221; global_colors_info=&#8221;{}&#8221;][\/et_pb_image][et_pb_text _builder_version=&#8221;4.23&#8243; _module_preset=&#8221;default&#8221; text_font_size=&#8221;19px&#8221; text_line_height=&#8221;1.8em&#8221; custom_margin=&#8221;||||false|false&#8221; custom_padding=&#8221;50px||||false|false&#8221; global_colors_info=&#8221;{}&#8221;]<\/p>\n<p>Our specialization in Pacifico means that the Tecnovivienda team welcomes you to our home and awaits you with open arms.<\/p>\n<p>[\/et_pb_text][\/et_pb_column][et_pb_column type=&#8221;1_3&#8243; _builder_version=&#8221;4.20.0&#8243; _module_preset=&#8221;default&#8221; use_background_color_gradient=&#8221;on&#8221; background_color_gradient_stops=&#8221;rgba(153,148,132,0.9) 0%|rgba(153,148,132,0.9) 100%&#8221; background_color_gradient_overlays_image=&#8221;on&#8221; background_image=&#8221;https:\/\/www.tecnovivienda.es\/wp-content\/uploads\/paper-texture.jpg&#8221; custom_padding=&#8221;60px|30px|60px|30px|true|true&#8221; custom_padding_tablet=&#8221;40px||40px||true|false&#8221; custom_padding_phone=&#8221;30px|20px|30px|20px|true|true&#8221; custom_padding_last_edited=&#8221;on|desktop&#8221; global_colors_info=&#8221;{}&#8221;][et_pb_image src=&#8221;https:\/\/www.tecnovivienda.es\/wp-content\/uploads\/attorney-3.png&#8221; title_text=&#8221;attorney-3&#8243; _builder_version=&#8221;4.20.0&#8243; _module_preset=&#8221;default&#8221; max_width=&#8221;130px&#8221; module_alignment=&#8221;center&#8221; global_colors_info=&#8221;{}&#8221;][\/et_pb_image][et_pb_text _builder_version=&#8221;4.22.1&#8243; _module_preset=&#8221;aeda830c-46f0-4d36-9d8c-895d793fb5c5&#8243; header_font_size=&#8221;31px&#8221; header_3_font=&#8221;|700||on|||||&#8221; header_3_text_color=&#8221;#FFFFFF&#8221; text_orientation=&#8221;center&#8221; custom_margin=&#8221;21px||||false|false&#8221; global_colors_info=&#8221;{}&#8221;]<\/p>\n<h3>OUR SPECIALITY<\/h3>\n<p>[\/et_pb_text][et_pb_text _builder_version=&#8221;4.23.1&#8243; _module_preset=&#8221;6cb8f6de-3147-42cf-928c-d3320358f977&#8243; text_text_color=&#8221;#FFFFFF&#8221; text_font_size=&#8221;19px&#8221; link_text_color=&#8221;#66002a&#8221; text_orientation=&#8221;center&#8221; custom_padding=&#8221;28px||||false|false&#8221; global_colors_info=&#8221;{}&#8221;]<\/p>\n<p>Nuestra especialidad es la &#8220;personalizaci\u00f3n&#8221; hasta el m\u00ednimo detalle de cada operaci\u00f3n.<\/p>\n<p>We are excited to accompany you on the journey of finding your new home, or selling your old home, or renting the property you need. We invite you to explore our site to learn about our properties and contact us to get to know you.<\/p>\n<p><a href=\"https:\/\/www.tecnovivienda.es\/en\/contacto-2\/\">Contact with us<\/a><\/p>\n<p>&nbsp;<\/p>\n<p>[\/et_pb_text][et_pb_image src=&#8221;https:\/\/www.tecnovivienda.es\/wp-content\/uploads\/attorney-3.png&#8221; title_text=&#8221;attorney-3&#8243; _builder_version=&#8221;4.22.1&#8243; _module_preset=&#8221;default&#8221; max_width=&#8221;130px&#8221; module_alignment=&#8221;center&#8221; custom_margin=&#8221;-40px||||false|false&#8221; global_colors_info=&#8221;{}&#8221;][\/et_pb_image][\/et_pb_column][\/et_pb_row][et_pb_row column_structure=&#8221;1_4,1_4,1_4,1_4&#8243; _builder_version=&#8221;4.20.0&#8243; _module_preset=&#8221;default&#8221; global_colors_info=&#8221;{}&#8221;][et_pb_column type=&#8221;1_4&#8243; _builder_version=&#8221;4.20.0&#8243; _module_preset=&#8221;default&#8221; global_colors_info=&#8221;{}&#8221;][et_pb_image src=&#8221;https:\/\/www.tecnovivienda.es\/wp-content\/uploads\/ICONO-ASESORAMIENTO-INMOBILIARIO.png&#8221; title_text=&#8221;ICONO ASESORAMIENTO INMOBILIARIO&#8221; align=&#8221;center&#8221; _builder_version=&#8221;4.22.1&#8243; _module_preset=&#8221;default&#8221; width=&#8221;30%&#8221; global_colors_info=&#8221;{}&#8221;][\/et_pb_image][et_pb_text _builder_version=&#8221;4.22.1&#8243; _module_preset=&#8221;1c2c244a-61a2-4ce7-aef5-db4c4d0897aa&#8221; text_orientation=&#8221;center&#8221; custom_margin=&#8221;||0px||false|false&#8221; global_colors_info=&#8221;{}&#8221;]<\/p>\n<h5>Real Estate Advice<\/h5>\n<p>[\/et_pb_text][et_pb_text _builder_version=&#8221;4.22.1&#8243; _module_preset=&#8221;5ae346e7-8c48-4bbe-8de3-7aec4776f11c&#8221; text_orientation=&#8221;center&#8221; global_colors_info=&#8221;{}&#8221;]<\/p>\n<p>Qualified and efficient real estate consultancy that analyses and assesses the client's needs.<\/p>\n<p>[\/et_pb_text][\/et_pb_column][et_pb_column type=&#8221;1_4&#8243; _builder_version=&#8221;4.20.0&#8243; _module_preset=&#8221;default&#8221; global_colors_info=&#8221;{}&#8221;][et_pb_image src=&#8221;https:\/\/www.tecnovivienda.es\/wp-content\/uploads\/ICONO-DE-CERTIFICADO-ENERGETICO.png&#8221; title_text=&#8221;ICONO DE CERTIFICADO ENERG\u00c9TICO&#8221; align=&#8221;center&#8221; _builder_version=&#8221;4.22.1&#8243; _module_preset=&#8221;default&#8221; width=&#8221;40%&#8221; global_colors_info=&#8221;{}&#8221;][\/et_pb_image][et_pb_text _builder_version=&#8221;4.22.1&#8243; _module_preset=&#8221;1c2c244a-61a2-4ce7-aef5-db4c4d0897aa&#8221; text_orientation=&#8221;center&#8221; custom_margin=&#8221;0px||0px||false|false&#8221; custom_padding=&#8221;12px||||false|false&#8221; global_colors_info=&#8221;{}&#8221;]<\/p>\n<h5>ENERGY CERTIFICATE<\/h5>\n<p>[\/et_pb_text][et_pb_text _builder_version=&#8221;4.22.1&#8243; _module_preset=&#8221;5ae346e7-8c48-4bbe-8de3-7aec4776f11c&#8221; text_orientation=&#8221;center&#8221; global_colors_info=&#8221;{}&#8221;]Gestionamos y solicitamos el carnet de identidad energ\u00e9tico, de tu vivienda[\/et_pb_text][\/et_pb_column][et_pb_column type=&#8221;1_4&#8243; _builder_version=&#8221;4.20.0&#8243; _module_preset=&#8221;default&#8221; global_colors_info=&#8221;{}&#8221;][et_pb_image src=&#8221;https:\/\/www.tecnovivienda.es\/wp-content\/uploads\/ICONO-DE-RECURSOS.png&#8221; title_text=&#8221;ICONO DE RECURSOS&#8221; align=&#8221;center&#8221; _builder_version=&#8221;4.22.1&#8243; _module_preset=&#8221;default&#8221; width=&#8221;33%&#8221; global_colors_info=&#8221;{}&#8221;][\/et_pb_image][et_pb_text _builder_version=&#8221;4.22.1&#8243; _module_preset=&#8221;1c2c244a-61a2-4ce7-aef5-db4c4d0897aa&#8221; text_orientation=&#8221;center&#8221; custom_margin=&#8221;0px||0px||false|false&#8221; custom_padding=&#8221;6px||||false|false&#8221; global_colors_info=&#8221;{}&#8221;]<\/p>\n<h5>RESOURCES<\/h5>\n<p>[\/et_pb_text][et_pb_text _builder_version=&#8221;4.23&#8243; _module_preset=&#8221;5ae346e7-8c48-4bbe-8de3-7aec4776f11c&#8221; text_orientation=&#8221;center&#8221; custom_margin=&#8221;15px||||false|false&#8221; global_colors_info=&#8221;{}&#8221;]<\/p>\n<p>We manage all the necessary resources for the total comfort of your home.<\/p>\n<p>[\/et_pb_text][\/et_pb_column][et_pb_column type=&#8221;1_4&#8243; _builder_version=&#8221;4.20.0&#8243; _module_preset=&#8221;default&#8221; global_colors_info=&#8221;{}&#8221;][et_pb_image src=&#8221;https:\/\/www.tecnovivienda.es\/wp-content\/uploads\/ICONO-DE-REFORMAS.png&#8221; title_text=&#8221;ICONO DE REFORMAS&#8221; align=&#8221;center&#8221; _builder_version=&#8221;4.22.1&#8243; _module_preset=&#8221;default&#8221; width=&#8221;35%&#8221; global_colors_info=&#8221;{}&#8221;][\/et_pb_image][et_pb_text _builder_version=&#8221;4.22.1&#8243; _module_preset=&#8221;1c2c244a-61a2-4ce7-aef5-db4c4d0897aa&#8221; text_orientation=&#8221;center&#8221; custom_margin=&#8221;||0px||false|false&#8221; custom_padding=&#8221;4px||||false|false&#8221; global_colors_info=&#8221;{}&#8221;]<\/p>\n<h5>REFORMS<\/h5>\n<p>[\/et_pb_text][et_pb_text _builder_version=&#8221;4.23&#8243; _module_preset=&#8221;5ae346e7-8c48-4bbe-8de3-7aec4776f11c&#8221; text_orientation=&#8221;center&#8221; custom_margin=&#8221;15px||||false|false&#8221; global_colors_info=&#8221;{}&#8221;]<\/p>\n<p>We transform spaces and design interiors to suit your needs.<\/p>\n<p>[\/et_pb_text][\/et_pb_column][\/et_pb_row][et_pb_row _builder_version=&#8221;4.20.0&#8243; _module_preset=&#8221;default&#8221; global_colors_info=&#8221;{}&#8221;][et_pb_column type=&#8221;4_4&#8243; _builder_version=&#8221;4.20.0&#8243; _module_preset=&#8221;default&#8221; global_colors_info=&#8221;{}&#8221;][et_pb_button button_url=&#8221;https:\/\/www.tecnovivienda.es\/?page_id=6970&#8243; button_text=&#8221;TODOS LOS SERVICIOS&#8221; button_alignment=&#8221;center&#8221; _builder_version=&#8221;4.23&#8243; _module_preset=&#8221;8cc6585b-50a5-4458-9aba-bfc5feb6cdfb&#8221; button_font=&#8221;|700||on|||||&#8221; button_icon=&#8221;&#xe04a;||divi||400&#8243; global_colors_info=&#8221;{}&#8221;][\/et_pb_button][\/et_pb_column][\/et_pb_row][\/et_pb_section][et_pb_section fb_built=&#8221;1&#8243; _builder_version=&#8221;4.22.1&#8243; _module_preset=&#8221;default&#8221; background_image=&#8221;https:\/\/www.tecnovivienda.es\/wp-content\/uploads\/TRABAJA-CON-NOSOTROS-I.jpg&#8221; min_height=&#8221;670px&#8221; custom_margin=&#8221;-50px||-5px||false|false&#8221; custom_padding=&#8221;||526px||false|false&#8221; collapsed=&#8221;on&#8221; global_colors_info=&#8221;{}&#8221;][et_pb_row _builder_version=&#8221;4.22.1&#8243; _module_preset=&#8221;default&#8221; global_colors_info=&#8221;{}&#8221;][et_pb_column type=&#8221;4_4&#8243; _builder_version=&#8221;4.22.1&#8243; _module_preset=&#8221;default&#8221; global_colors_info=&#8221;{}&#8221;][et_pb_text _builder_version=&#8221;4.22.1&#8243; _module_preset=&#8221;default&#8221; text_font=&#8221;Marcellus|700|||||||&#8221; text_font_size=&#8221;60px&#8221; header_font=&#8221;Marcellus|700|||||||&#8221; header_text_align=&#8221;center&#8221; header_2_font=&#8221;|700|||||||&#8221; header_2_font_size=&#8221;50px&#8221; text_orientation=&#8221;center&#8221; custom_margin=&#8221;25px||||false|false&#8221; custom_padding=&#8221;||0px||false|false&#8221; global_colors_info=&#8221;{}&#8221;]<\/p>\n<h2>Join us<\/h2>\n<p>[\/et_pb_text][\/et_pb_column][\/et_pb_row][et_pb_row _builder_version=&#8221;4.22.1&#8243; _module_preset=&#8221;default&#8221; custom_margin=&#8221;50px||-100px||false|false&#8221; global_colors_info=&#8221;{}&#8221;][et_pb_column type=&#8221;4_4&#8243; _builder_version=&#8221;4.22.1&#8243; _module_preset=&#8221;default&#8221; global_colors_info=&#8221;{}&#8221;][et_pb_button button_url=&#8221;https:\/\/www.tecnovivienda.es\/?page_id=5794&#8243; button_text=&#8221;Trabaja con nosotros&#8221; button_alignment=&#8221;center&#8221; _builder_version=&#8221;4.22.1&#8243; _module_preset=&#8221;default&#8221; custom_button=&#8221;on&#8221; button_text_size=&#8221;25px&#8221; button_text_color=&#8221;#000000&#8243; button_bg_color=&#8221;rgba(145,138,120,0.58)&#8221; button_bg_enable_image=&#8221;off&#8221; button_border_width=&#8221;3px&#8221; button_border_color=&#8221;#000000&#8243; button_border_radius=&#8221;40px&#8221; button_font=&#8221;Marcellus||||||||&#8221; button_icon=&#8221;&#xe04a;||divi||400&#8243; custom_margin=&#8221;||-60px||false|false&#8221; custom_padding=&#8221;||0px||false|false&#8221; locked=&#8221;off&#8221; global_colors_info=&#8221;{}&#8221;][\/et_pb_button][\/et_pb_column][\/et_pb_row][\/et_pb_section]<\/p>","protected":false},"excerpt":{"rendered":"<p>El camino hacia tu casa empieza aqu\u00ed. Con m\u00e1s de 10 a\u00f1os de experiencia en Pac\u00edfico, contamos con un amplio equipo de expertos, que te guiaran convenientemente.<\/p>","protected":false},"author":1,"featured_media":6230,"parent":0,"menu_order":0,"comment_status":"closed","ping_status":"closed","template":"","meta":{"_acf_changed":false,"_et_pb_use_builder":"on","_et_pb_old_content":"","_et_gb_content_width":"","om_disable_all_campaigns":false,"_monsterinsights_skip_tracking":false,"_monsterinsights_sitenote_active":false,"_monsterinsights_sitenote_note":"","_monsterinsights_sitenote_category":0,"footnotes":""},"class_list":["post-6199","page","type-page","status-publish","has-post-thumbnail","hentry"],"acf":[],"aioseo_notices":[],"_links":{"self":[{"href":"https:\/\/www.tecnovivienda.es\/en\/wp-json\/wp\/v2\/pages\/6199","targetHints":{"allow":["GET"]}}],"collection":[{"href":"https:\/\/www.tecnovivienda.es\/en\/wp-json\/wp\/v2\/pages"}],"about":[{"href":"https:\/\/www.tecnovivienda.es\/en\/wp-json\/wp\/v2\/types\/page"}],"author":[{"embeddable":true,"href":"https:\/\/www.tecnovivienda.es\/en\/wp-json\/wp\/v2\/users\/1"}],"replies":[{"embeddable":true,"href":"https:\/\/www.tecnovivienda.es\/en\/wp-json\/wp\/v2\/comments?post=6199"}],"version-history":[{"count":0,"href":"https:\/\/www.tecnovivienda.es\/en\/wp-json\/wp\/v2\/pages\/6199\/revisions"}],"wp:featuredmedia":[{"embeddable":true,"href":"https:\/\/www.tecnovivienda.es\/en\/wp-json\/wp\/v2\/media\/6230"}],"wp:attachment":[{"href":"https:\/\/www.tecnovivienda.es\/en\/wp-json\/wp\/v2\/media?parent=6199"}],"curies":[{"name":"wp","href":"https:\/\/api.w.org\/{rel}","templated":true}]}}