{"id":1467,"date":"2017-07-05T10:27:10","date_gmt":"2017-07-05T10:27:10","guid":{"rendered":"http:\/\/www.tecnovivienda.es\/?page_id=1467"},"modified":"2023-11-02T21:59:34","modified_gmt":"2023-11-02T20:59:34","slug":"politica-de-cookies","status":"publish","type":"page","link":"https:\/\/www.tecnovivienda.es\/en\/politica-de-cookies\/","title":{"rendered":"Cookie Policy"},"content":{"rendered":"<p>[et_pb_section fb_built=&#8221;1&#8243; admin_label=&#8221;section&#8221; _builder_version=&#8221;4.16&#8243; global_colors_info=&#8221;{}&#8221;][et_pb_row admin_label=&#8221;row&#8221; _builder_version=&#8221;4.16&#8243; background_size=&#8221;initial&#8221; background_position=&#8221;top_left&#8221; background_repeat=&#8221;repeat&#8221; global_colors_info=&#8221;{}&#8221;][et_pb_column type=&#8221;4_4&#8243; _builder_version=&#8221;4.16&#8243; custom_padding=&#8221;|||&#8221; global_colors_info=&#8221;{}&#8221; custom_padding__hover=&#8221;|||&#8221;][et_pb_text admin_label=&#8221;Text&#8221; _builder_version=&#8221;4.23&#8243; background_size=&#8221;initial&#8221; background_position=&#8221;top_left&#8221; background_repeat=&#8221;repeat&#8221; hover_enabled=&#8221;0&#8243; global_colors_info=&#8221;{}&#8221; sticky_enabled=&#8221;0&#8243;]<\/p>\n<p><strong><span class=\"underline_title\">What is a cookie?<\/span><\/strong><\/p>\n<p>A cookie is a file that is downloaded to your computer\/tablet\/smartphone when you access certain web pages and\/or applications. Cookies allow, among other things, to store and retrieve information about the browsing habits of a user or their equipment and, depending on the information they contain and the way they use their equipment, they can be used to recognise the user.<\/p>\n<p><strong><span class=\"underline_title\">What types of cookies does our website use?<\/span><\/strong><\/p>\n<p><strong>a)<\/strong> Depending on the entity that manages them:<\/p>\n<p>First-party cookies: These are cookies sent to the user's terminal equipment from equipment or a domain managed by TECNOVIVIENDA and from which the service requested by the user is provided. <strong>TECNOVIVIENDA<\/strong>\u00a0and from which the service requested by the user is provided.<\/p>\n<p>Third-party cookies: These are those that are sent to the user's terminal equipment from a computer or domain that is not managed by TECNOVIVIENDA but by another entity that processes the data obtained through the cookies. In the section \"Use of cookies\" you can consult which entities set cookies on this website. <strong>TECNOVIVIENDA<\/strong>but by another entity that processes the data obtained through cookies. You can find out which entities set cookies on this website in the \"Use of cookies\" section.<\/p>\n<p><strong>b)<\/strong> Depending on how long they remain activated:<\/p>\n<p>Session cookies: These are a type of cookie designed to collect and store data while the user accesses our website.<\/p>\n<p>Persistent cookies: These are a type of cookie in which the data remains stored in the terminal and can be accessed and processed for a period defined by the party responsible for the cookie, which can range from a few minutes to several years.<\/p>\n<p><strong>c)<\/strong> Depending on the purpose for which they are processed:<\/p>\n<p>Analysis cookies: These are those that are either processed by us or by third parties, allow us to quantify the number of users and thus carry out the measurement and statistical analysis of the use made by users of the service offered. To do this, your browsing on our website or application is analysed in order to improve the range of products or services that we offer.<\/p>\n<p>Technical cookies: These are those that are either processed by us or by third parties and allow the user to browse our website and use the different options or services of the same, such as plug-ins to exchange social content, user authentication or identification or multimedia player sessions.<\/p>\n<p>Personalisation cookies: These are cookies that, either processed by us or by third parties, allow the user to access the service with some general characteristics predefined according to a series of criteria in the user's terminal, such as the preset language in which the web page is displayed.<\/p>\n<p><strong><span class=\"underline_title\">Disabling or deleting cookies<\/span><\/strong><\/p>\n<p>You can allow, block or delete the cookies installed on your computer by configuring the browser options installed on your computer\/tablet\/smartphone.<\/p>\n<p>For more information about Internet Explorer click\u00a0<a href=\"http:\/\/windows.microsoft.com\/en-US\/windows-vista\/block-or-allow-cookies\" target=\"_blank\" rel=\"noopener\">here<\/a>.<br \/>For more information about Google Chrome click\u00a0<a href=\"https:\/\/support.google.com\/accounts\/answer\/61416?hl=en\" target=\"_blank\" rel=\"noopener\">here<\/a>.<br \/>For more information about Firefox click\u00a0<a href=\"http:\/\/support.mozilla.org\/en-US\/kb\/disable-third-party-cookies\" target=\"_blank\" rel=\"noopener\">here<\/a>.<br \/>For more information about Safari click\u00a0<a href=\"http:\/\/support.apple.com\/kb\/ph5042\" target=\"_blank\" rel=\"noopener\">here<\/a>.<br \/>For more information about Opera click\u00a0<a href=\"ttp:\/\/www.opera.com\/help\/tutorials\/security\/privacy\/\" target=\"_blank\" rel=\"noopener\">here<\/a>.<\/p>\n<p><strong><span class=\"underline_title\">Use of cookies<\/span><\/strong><\/p>\n<p>On this website we also use third-party cookies to analyse browsing information, allow content to be shared on social networks and the playback of videos hosted on another website. In the following links you can consult the cookie policy of each of these entities:<\/p>\n<ul>\n<li>- Google Analytics and Youtube, see the following links:\n<ul type=\"circle\">\n<li>\u2022\u00a0<a href=\"https:\/\/developers.google.com\/analytics\/devguides\/collection\/analyticsjs\/cookie-usage\" target=\"_blank\" rel=\"noopener\">https:\/\/developers.google.com\/analytics\/devguides\/collection\/analyticsjs\/cookie-usage<\/a><\/li>\n<li>\u2022\u00a0<a href=\"https:\/\/www.google.com\/analytics\/learn\/privacy.html\" target=\"_blank\" rel=\"noopener\">https:\/\/www.google.com\/analytics\/learn\/privacy.html<\/a><\/li>\n<li>\u2022\u00a0<a href=\"http:\/\/www.google.com\/intl\/en-US\/policies\/technologies\/cookies\/\" target=\"_blank\" rel=\"noopener\">http:\/\/www.google.com\/intl\/en-US\/policies\/technologies\/cookies\/<\/a><\/li>\n<\/ul>\n<\/li>\n<\/ul>\n<p><strong><span class=\"underline_title\">Consent<\/span><\/strong><\/p>\n<p>By browsing our website, you agree to the installation and use of cookies.<\/p>\n<p>You may withdraw your previously granted consent at any time by deleting the cookies installed on your computer by configuring your browser options, as indicated in the \"deactivation or deletion of cookies\" section. However, we inform you that this may have an impact on the functionalities of the website or application, making your user experience less satisfactory.<\/p>\n<p><b>TECNOVIVIENDA<\/b>\u00a0uses various types of cookies (technical, analytical and social), both its own and those of third parties solely for the purpose of improving user browsing on the website and access to the web services requested, without any advertising or similar purpose, for the analysis and preparation of statistics on the browsing that the USER carries out on the website.\u00a0<b>USER<\/b>\u00a0is available on the website.<\/p>\n<p align=\"JUSTIFY\" class=\"translation-block\">The acceptance of the present policy of \"Cookies\" implies that the USER has been informed in a clear and complete way about the use of storage devices and data recovery, as well as that TECNOVIVIENDA has the consent of the user (either by expressly accepting the cookies policy or by continuing to browse the web, automatically accepts them) for their use as established in article 22 of the Law 34\/2002, of July 11, of Services of the Information Society and Electronic Commerce (LSSI).<\/p>\n<p>[\/et_pb_text][\/et_pb_column][\/et_pb_row][\/et_pb_section]<\/p>","protected":false},"excerpt":{"rendered":"<p>\u00bfQu\u00e9 es una cookie? Una cookie es un fichero que se descarga en su ordenador\/tablet\/smartphone al acceder a determinadas p\u00e1ginas web y\/o aplicaciones. Las cookies permiten, entre otras cosas, almacenar y recuperar informaci\u00f3n sobre los h\u00e1bitos de navegaci\u00f3n de un usuario o de su equipo y, dependiendo de la informaci\u00f3n que contengan y de la [&hellip;]<\/p>","protected":false},"author":1,"featured_media":0,"parent":0,"menu_order":0,"comment_status":"closed","ping_status":"closed","template":"","meta":{"_acf_changed":false,"_et_pb_use_builder":"on","_et_pb_old_content":"<strong><span class=\"underline_title\">\u00bfQu\u00e9 es una cookie?<\/span><\/strong>\r\n\r\nUna cookie es un fichero que se descarga en su ordenador\/tablet\/smartphone al acceder a determinadas p\u00e1ginas web y\/o aplicaciones. Las cookies permiten, entre otras cosas, almacenar y recuperar informaci\u00f3n sobre los h\u00e1bitos de navegaci\u00f3n de un usuario o de su equipo y, dependiendo de la informaci\u00f3n que contengan y de la forma en que utilice su equipo, pueden utilizarse para reconocer al usuario.\r\n\r\n<strong><span class=\"underline_title\">\u00bfQu\u00e9 tipos de cookies utiliza nuestra p\u00e1gina web ?<\/span><\/strong>\r\n\r\n<strong>a)<\/strong> En funci\u00f3n de la entidad que las gestiona:\r\n\r\nCookies propias: Son aqu\u00e9llas que se env\u00edan al equipo terminal del usuario desde un equipo o dominio gestionado por <strong>TECNOVIVIENDA<\/strong>\u00a0y desde el que se presta el servicio solicitado por el usuario.\r\n\r\nCookies de tercero: Son aqu\u00e9llas que se env\u00edan al equipo terminal del usuario desde un equipo o dominio que no es gestionado por <strong>TECNOVIVIENDA<\/strong>, sino por otra entidad que trata los datos obtenidos trav\u00e9s de las cookies. En el apartado \u201cUtilizaci\u00f3n de las cookies\u201d puede consultar qu\u00e9 entidades establecen cookies en este sitio web.\r\n\r\n<strong>b)<\/strong> En funci\u00f3n del plazo que permanecen activadas:\r\n\r\nCookies de sesi\u00f3n: Son un tipo de cookies dise\u00f1adas para recabar y almacenar datos mientras el usuario accede a nuestra p\u00e1gina web.\r\n\r\nCookies persistentes: Son un tipo de cookies en el que los datos siguen almacenados en el terminal y pueden ser accedidos y tratados durante un periodo definido por el responsable de la cookie, y que puede ir de unos minutos a varios a\u00f1os.\r\n\r\n<strong>c)<\/strong> Seg\u00fan la finalidad para la que se traten:\r\n\r\nCookies de an\u00e1lisis: Son aqu\u00e9llas que bien tratadas por nosotros o por terceros, nos permiten cuantificar el n\u00famero de usuarios y as\u00ed realizar la medici\u00f3n y an\u00e1lisis estad\u00edstico de la utilizaci\u00f3n que hacen los usuarios del servicio ofertado. Para ello se analiza su navegaci\u00f3n en nuestra p\u00e1gina web o aplicaci\u00f3n con el fin de mejorar la oferta de productos o servicios que le ofrecemos.\r\n\r\nCookies t\u00e9cnicas: Son aqu\u00e9llas que bien tratadas por nosotros o por terceros, permiten al usuario la navegaci\u00f3n a trav\u00e9s nuestra p\u00e1gina web y la utilizaci\u00f3n de las diferentes opciones o servicios de las mismas, como complementos (plug-in) para intercambiar contenidos sociales, autenticaci\u00f3n o identificaci\u00f3n de usuario o sesiones de reproductor multimedia.\r\n\r\nCookies de personalizaci\u00f3n: Son aqu\u00e9llas que bien tratadas por nosotros o por terceros, permiten al usuario acceder al servicio con algunas caracter\u00edsticas de car\u00e1cter general predefinidas en funci\u00f3n de una serie de criterios en el terminal del usuario, como el idioma preestablecido en que se muestra la p\u00e1gina web.\r\n\r\n<strong><span class=\"underline_title\">Desactivaci\u00f3n o eliminaci\u00f3n de cookies<\/span><\/strong>\r\n\r\nPuede usted permitir, bloquear o eliminar las cookies instaladas en su equipo mediante la configuraci\u00f3n de las opciones del navegador instalado en su ordenador\/tablet\/smartphone.\r\n\r\nPara m\u00e1s informaci\u00f3n sobre Internet Explorer pulse\u00a0<a href=\"http:\/\/windows.microsoft.com\/en-US\/windows-vista\/block-or-allow-cookies\" target=\"_blank\">aqu\u00ed<\/a>.\r\nPara m\u00e1s informaci\u00f3n sobre Google Chrome pulse\u00a0<a href=\"https:\/\/support.google.com\/accounts\/answer\/61416?hl=en\" target=\"_blank\">aqu\u00ed<\/a>.\r\nPara m\u00e1s informaci\u00f3n sobre Firefox pulse\u00a0<a href=\"http:\/\/support.mozilla.org\/en-US\/kb\/disable-third-party-cookies\" target=\"_blank\">aqu\u00ed<\/a>.\r\nPara m\u00e1s informaci\u00f3n sobre Safari pulse\u00a0<a href=\"http:\/\/support.apple.com\/kb\/ph5042\" target=\"_blank\">aqu\u00ed<\/a>.\r\nPara m\u00e1s informaci\u00f3n sobre Opera pulse\u00a0<a href=\"http:\/\/www.opera.com\/help\/tutorials\/security\/privacy\/\" target=\"_blank\">aqu\u00ed<\/a>.\r\n\r\n<strong><span class=\"underline_title\">Utilizaci\u00f3n de las cookies<\/span><\/strong>\r\n\r\nEn este sitio web tambi\u00e9n utilizamos cookies de terceros para analizar informaci\u00f3n de la navegaci\u00f3n, permitir compartir contenidos en redes sociales y la reproducci\u00f3n de videos alojados en otro sitio web. En los siguientes enlaces puede consultar la pol\u00edtica de cookies de cada una de estas entidades:\r\n<ul>\r\n \t<li>\u2022 Google Analytics y Youtube, consultar los siguientes enlaces:\r\n<ul type=\"circle\">\r\n \t<li>\u2022\u00a0<a href=\"https:\/\/developers.google.com\/analytics\/devguides\/collection\/analyticsjs\/cookie-usage\" target=\"_blank\">https:\/\/developers.google.com\/analytics\/devguides\/collection\/analyticsjs\/cookie-usage<\/a><\/li>\r\n \t<li>\u2022\u00a0<a href=\"https:\/\/www.google.com\/analytics\/learn\/privacy.html\" target=\"_blank\">https:\/\/www.google.com\/analytics\/learn\/privacy.html<\/a><\/li>\r\n \t<li>\u2022\u00a0<a href=\"http:\/\/www.google.com\/intl\/en-US\/policies\/technologies\/cookies\/\" target=\"_blank\">http:\/\/www.google.com\/intl\/en-US\/policies\/technologies\/cookies\/<\/a><\/li>\r\n<\/ul>\r\n<\/li>\r\n<\/ul>\r\n<strong><span class=\"underline_title\">Consentimiento<\/span><\/strong>\r\n\r\nAl navegar por nuestro sitio web , Ud. acepta la instalaci\u00f3n y utilizaci\u00f3n de las cookies.\r\n<p align=\"JUSTIFY\"><\/p>\r\nUd. puede retirar su consentimiento previamente otorgado en cualquier momento eliminando las cookies instaladas en su equipo mediante la configuraci\u00f3n de las opciones del navegador, tal como se indica en el apartado \u201cdesactivaci\u00f3n o eliminaci\u00f3n de cookies\u201d. No obstante, le informamos que ello puede impactar en las funcionalidades de la web o aplicaci\u00f3n, haciendo su experiencia como usuario menos satisfactoria.\r\n\r\n<b>TECNOVIVIENDA<\/b>\u00a0utiliza diversos tipos de cookies (t\u00e9cnicas, anal\u00edticas y sociales), tanto propias como de terceros \u00fanicamente con la finalidad de mejorar la navegaci\u00f3n del usuario en el sitio web y el acceso a los servicios web solicitados, sin ning\u00fan tipo de objeto publicitario o similar, para el an\u00e1lisis y elaboraci\u00f3n de estad\u00edsticas de la navegaci\u00f3n que el\u00a0<b>USUARIO<\/b>\u00a0realiza en el sitio web.\r\n<p align=\"JUSTIFY\">La aceptaci\u00f3n de la presente\u00a0<b>pol\u00edtica de \"Cookies\"<\/b>\u00a0implica que el\u00a0<b>USUARIO<\/b>\u00a0ha sido informado de una forma clara y completa sobre el uso de dispositivos de almacenamiento y recuperaci\u00f3n de datos (<em>cookies<\/em>) as\u00ed como que\u00a0<b>TECNOVIVIENDA<\/b>\u00a0dispone del consentimiento del usuario ( ya sea aceptando expresamente la pol\u00edtica de cookies o bien al continuar navegando por la web, autom\u00e1ticamente acepta las mismas ) para su uso tal y como establece el art\u00edculo 22 de la Ley 34\/2002, de 11 de julio, de Servicios de la Sociedad de la Informaci\u00f3n y Comercio Electr\u00f3nico (LSSI).<\/p>","_et_gb_content_width":"","om_disable_all_campaigns":false,"_monsterinsights_skip_tracking":false,"_monsterinsights_sitenote_active":false,"_monsterinsights_sitenote_note":"","_monsterinsights_sitenote_category":0,"footnotes":""},"class_list":["post-1467","page","type-page","status-publish","hentry"],"acf":[],"aioseo_notices":[],"_links":{"self":[{"href":"https:\/\/www.tecnovivienda.es\/en\/wp-json\/wp\/v2\/pages\/1467","targetHints":{"allow":["GET"]}}],"collection":[{"href":"https:\/\/www.tecnovivienda.es\/en\/wp-json\/wp\/v2\/pages"}],"about":[{"href":"https:\/\/www.tecnovivienda.es\/en\/wp-json\/wp\/v2\/types\/page"}],"author":[{"embeddable":true,"href":"https:\/\/www.tecnovivienda.es\/en\/wp-json\/wp\/v2\/users\/1"}],"replies":[{"embeddable":true,"href":"https:\/\/www.tecnovivienda.es\/en\/wp-json\/wp\/v2\/comments?post=1467"}],"version-history":[{"count":0,"href":"https:\/\/www.tecnovivienda.es\/en\/wp-json\/wp\/v2\/pages\/1467\/revisions"}],"wp:attachment":[{"href":"https:\/\/www.tecnovivienda.es\/en\/wp-json\/wp\/v2\/media?parent=1467"}],"curies":[{"name":"wp","href":"https:\/\/api.w.org\/{rel}","templated":true}]}}